{"id":802,"date":"2025-04-09T23:49:45","date_gmt":"2025-04-09T23:49:45","guid":{"rendered":"https:\/\/bonocroissant.com\/?page_id=802"},"modified":"2025-05-20T22:00:23","modified_gmt":"2025-05-20T22:00:23","slug":"politika-e-cookies","status":"publish","type":"page","link":"https:\/\/bonocroissant.com\/en\/politika-e-cookies\/","title":{"rendered":"Cookies Policy"},"content":{"rendered":"<div data-elementor-type=\"wp-page\" data-elementor-id=\"802\" class=\"elementor elementor-802\">\n\t\t\t\t<div class=\"elementor-element elementor-element-6e70e34 e-flex e-con-boxed e-con e-parent\" data-id=\"6e70e34\" data-element_type=\"container\" data-e-type=\"container\" data-settings=\"{&quot;background_background&quot;:&quot;gradient&quot;}\">\n\t\t\t\t\t<div class=\"e-con-inner\">\n\t\t\t\t<div class=\"elementor-element elementor-element-ded937b htc elementor-widget elementor-widget-html\" data-id=\"ded937b\" data-element_type=\"widget\" data-e-type=\"widget\" data-widget_type=\"html.default\">\n\t\t\t\t<div class=\"elementor-widget-container\">\n\t\t\t\t\t<style>\n      \n    body{\n        background-color: #B30707;\n    }\n    \n    .htc{\n        display: none;\n    }\n    \n    .vid{\n        transition: rotate 100ms linear, scale 100ms linear !important;\n        max-height: 375px !important;\n    }\n    \n    .pri{\n        transition: scale 100ms linear, rotate 100ms linear !important;\n    }\n    .prc{\n        transition: scale 100ms linear !important;\n    }\n    \n    .prc:hover{\n        cursor: pointer;\n        scale: 0.95;\n    }\n    .prc:hover .pri{\n        rotate: 3deg;\n        scale: 1.1;\n    }\n    \n    \/* diamond *\/\n    .diamond{\n        user-drag: none;\n        transition: scale 200ms ease;\n    }\n    \n    .diamond:hover{\n        scale: 1.035;\n    }\n    \n    .diamond:active{\n        scale: 0.975;\n    }\n    \n    \/*side container *\/\n    .s-logo{\n        transition: rotate 100ms linear, scale 100ms linear !important;\n    }\n    \n    @media only screen(max-width: 1028px){\n        \n    }\n    \n    .sc:hover .vid{\n        scale: 1.025;\n        rotate: 2deg;\n    }\n    \n    .sc:hover .s-logo{\n        scale: 1.025;\n        rotate: -2deg;\n    }\n    \n    \/* butonat *\/\n    .bt{\n        user-drag: none;\n        transition: scale 200ms ease;\n    }\n    \n    a{\n        user-drag: none;\n        -webkit-user-drag: none;\n    }\n    .bt a{\n        transition: background-color 200ms ease, border-color 200ms ease !important;\n    }\n    \n    .bt:hover{\n        scale: 1.035;\n    }\n    \n    .bt:hover a{\n        border-color: #FFFFFF7A !important;\n        background-color: #FFFFFF38 !important;\n    }\n    \n    .bt:active{\n        scale: 0.975;\n    }\n    \n    \/*imazhet *\/\n    .imgz{\n        overflow: hidden;\n        border-radius: 50px;\n    }\n    \n    .imgz img{\n        transform: translate(-50% -50%);\n        transition: scale 1s ease;\n    }\n    .imgz:hover img{\n        scale: 1.075;\n    }\n<\/style>\t\t\t\t<\/div>\n\t\t\t\t<\/div>\n\t\t\t\t<div class=\"elementor-element elementor-element-61ca1ba elementor-widget elementor-widget-heading\" data-id=\"61ca1ba\" data-element_type=\"widget\" data-e-type=\"widget\" data-widget_type=\"heading.default\">\n\t\t\t\t<div class=\"elementor-widget-container\">\n\t\t\t\t\t<h2 class=\"elementor-heading-title elementor-size-default\">Cookie Policy<\/h2>\t\t\t\t<\/div>\n\t\t\t\t<\/div>\n\t\t\t\t<div class=\"elementor-element elementor-element-d9c39ac elementor-widget elementor-widget-hfe-breadcrumbs-widget\" data-id=\"d9c39ac\" data-element_type=\"widget\" data-e-type=\"widget\" data-widget_type=\"hfe-breadcrumbs-widget.default\">\n\t\t\t\t<div class=\"elementor-widget-container\">\n\t\t\t\t\t<nav aria-label=\"Breadcrumb\"><ul class=\"hfe-breadcrumbs hfe-breadcrumbs-show-home\"><li class=\"hfe-breadcrumbs-item hfe-breadcrumbs-first\"><span class=\"hfe-breadcrumbs-home-icon\"><\/span><a href=\"https:\/\/bonocroissant.com\/en\"><span class=\"hfe-breadcrumbs-text\">Home<\/span><\/a><\/li><\/ul><\/nav>\t\t\t\t<\/div>\n\t\t\t\t<\/div>\n\t\t\t\t<div class=\"elementor-element elementor-element-3875070 elementor-widget elementor-widget-html\" data-id=\"3875070\" data-element_type=\"widget\" data-e-type=\"widget\" data-widget_type=\"html.default\">\n\t\t\t\t<div class=\"elementor-widget-container\">\n\t\t\t\t\t<div class=\"bg1\"><\/div>\n\n<style>\n    .bg1{\n        position: fixed;\n        width: 100vw;\n        height: 100vh;\n        top: 0; left: 0;\n        background-size: cover;\n        background-position: center;\n        opacity: 1;\n        transition: none; \/* no fading on base layers *\/\n        background-image: url('https:\/\/bonocroissant.com\/wp-content\/uploads\/2025\/05\/RED.svg') !important;\n        z-index: -99998;\n        pointer-events: none;\n    }\n<\/style>\t\t\t\t<\/div>\n\t\t\t\t<\/div>\n\t\t\t\t\t<\/div>\n\t\t\t\t<\/div>\n\t\t<div class=\"elementor-element elementor-element-c548b5d e-flex e-con-boxed e-con e-parent\" data-id=\"c548b5d\" data-element_type=\"container\" data-e-type=\"container\" data-settings=\"{&quot;background_background&quot;:&quot;classic&quot;}\">\n\t\t\t\t\t<div class=\"e-con-inner\">\n\t\t\t\t<div class=\"elementor-element elementor-element-c8a86ee elementor-widget elementor-widget-text-editor\" data-id=\"c8a86ee\" data-element_type=\"widget\" data-e-type=\"widget\" data-widget_type=\"text-editor.default\">\n\t\t\t\t<div class=\"elementor-widget-container\">\n\t\t\t\t\t\t\t\t\t<p class=\"translation-block\"><strong>Cookie Policy<\/strong><br>Effective Date: April 4, 2025<\/p><p>This Cookie Policy explains how Bono Croissant uses cookies and similar technologies when you visit our website.<\/p><p class=\"translation-block\"><strong>What are cookies?<\/strong><br>Cookies are small files that are stored on your device when you visit a website. They help the site function properly, remember your preferences, and analyze its usage.<\/p><p class=\"translation-block\"><strong>Does Bono Croissant use cookies?<\/strong><br>Our website may use basic cookies solely for the technical operation of the contact form, if required by your browser.<br>We do not use cookies for marketing, user tracking, or advanced analytics.<\/p><p><strong>Types of cookies we may use:<\/strong><\/p><p>Functional cookies: Help the contact form function properly.<\/p><p class=\"translation-block\"><strong>How to manage cookies?<\/strong><br>You can control or delete cookies at any time through your web browser settings. You can disable cookies, but some features of the site may not function properly.<\/p><p class=\"translation-block\"><strong>Changes to the cookie policy<\/strong><br>We may update this policy from time to time. Any changes will be posted on this page with an updated date.<\/p><p class=\"translation-block\"><strong>Contact us<\/strong><br>For any questions regarding the use of cookies, please contact us through the form on the site or by email at: info@bonocroissant.com<\/p>\t\t\t\t\t\t\t\t<\/div>\n\t\t\t\t<\/div>\n\t\t\t\t\t<\/div>\n\t\t\t\t<\/div>\n\t\t\t\t<\/div>","protected":false},"excerpt":{"rendered":"<p>Politika e cookies Home Politika p\u00ebr Cookie-tData e hyrjes n\u00eb fuqi: 4 Prill 2025 Kjo Politik\u00eb p\u00ebr Cookie-t shpjegon se si Bono Croissant p\u00ebrdor cookie-t dhe teknologji t\u00eb ngjashme kur vizitoni faqen ton\u00eb t\u00eb internetit. \u00c7far\u00eb jan\u00eb cookie-t?Cookie-t jan\u00eb skedar\u00eb t\u00eb vegj\u00ebl q\u00eb ruhen n\u00eb pajisjen tuaj kur vizitoni nj\u00eb faqe interneti. Ato ndihmojn\u00eb faqen [&hellip;]<\/p>\n","protected":false},"author":1,"featured_media":0,"parent":0,"menu_order":0,"comment_status":"closed","ping_status":"closed","template":"elementor_canvas","meta":{"nf_dc_page":"","om_disable_all_campaigns":false,"_monsterinsights_skip_tracking":false,"_monsterinsights_sitenote_active":false,"_monsterinsights_sitenote_note":"","_monsterinsights_sitenote_category":0,"footnotes":""},"class_list":["post-802","page","type-page","status-publish","hentry"],"_links":{"self":[{"href":"https:\/\/bonocroissant.com\/en\/wp-json\/wp\/v2\/pages\/802","targetHints":{"allow":["GET"]}}],"collection":[{"href":"https:\/\/bonocroissant.com\/en\/wp-json\/wp\/v2\/pages"}],"about":[{"href":"https:\/\/bonocroissant.com\/en\/wp-json\/wp\/v2\/types\/page"}],"author":[{"embeddable":true,"href":"https:\/\/bonocroissant.com\/en\/wp-json\/wp\/v2\/users\/1"}],"replies":[{"embeddable":true,"href":"https:\/\/bonocroissant.com\/en\/wp-json\/wp\/v2\/comments?post=802"}],"version-history":[{"count":5,"href":"https:\/\/bonocroissant.com\/en\/wp-json\/wp\/v2\/pages\/802\/revisions"}],"predecessor-version":[{"id":2719,"href":"https:\/\/bonocroissant.com\/en\/wp-json\/wp\/v2\/pages\/802\/revisions\/2719"}],"wp:attachment":[{"href":"https:\/\/bonocroissant.com\/en\/wp-json\/wp\/v2\/media?parent=802"}],"curies":[{"name":"wp","href":"https:\/\/api.w.org\/{rel}","templated":true}]}}